{"id":646,"date":"2018-03-29T19:04:33","date_gmt":"2018-03-29T19:04:33","guid":{"rendered":"http:\/\/baraoequipamentos.com.br\/barao\/?post_type=product&#038;p=646"},"modified":"2018-03-29T19:04:33","modified_gmt":"2018-03-29T19:04:33","slug":"solucao-anti-acaro","status":"publish","type":"product","link":"http:\/\/baraoequipamentos.com.br\/barao\/produto\/solucao-anti-acaro\/","title":{"rendered":"Solu\u00e7\u00e3o Anti \u00c1caro"},"content":{"rendered":"<p>Solu\u00e7\u00e3o Anti \u00c1caro<\/p>\n","protected":false},"excerpt":{"rendered":"<p>Solu\u00e7\u00e3o Anti \u00c1caro<\/p>\n","protected":false},"featured_media":647,"comment_status":"closed","ping_status":"closed","template":"","meta":[],"_links":{"self":[{"href":"http:\/\/baraoequipamentos.com.br\/barao\/wp-json\/wp\/v2\/product\/646"}],"collection":[{"href":"http:\/\/baraoequipamentos.com.br\/barao\/wp-json\/wp\/v2\/product"}],"about":[{"href":"http:\/\/baraoequipamentos.com.br\/barao\/wp-json\/wp\/v2\/types\/product"}],"replies":[{"embeddable":true,"href":"http:\/\/baraoequipamentos.com.br\/barao\/wp-json\/wp\/v2\/comments?post=646"}],"wp:featuredmedia":[{"embeddable":true,"href":"http:\/\/baraoequipamentos.com.br\/barao\/wp-json\/wp\/v2\/media\/647"}],"wp:attachment":[{"href":"http:\/\/baraoequipamentos.com.br\/barao\/wp-json\/wp\/v2\/media?parent=646"}],"curies":[{"name":"wp","href":"https:\/\/api.w.org\/{rel}","templated":true}]}}