{"id":670,"date":"2018-03-29T19:42:29","date_gmt":"2018-03-29T19:42:29","guid":{"rendered":"http:\/\/baraoequipamentos.com.br\/barao\/?post_type=product&#038;p=670"},"modified":"2018-03-29T19:42:29","modified_gmt":"2018-03-29T19:42:29","slug":"assento-sanitario-basico-fechado-com-tampa","status":"publish","type":"product","link":"http:\/\/baraoequipamentos.com.br\/barao\/produto\/assento-sanitario-basico-fechado-com-tampa\/","title":{"rendered":"Assento Sanit\u00e1rio B\u00e1sico Fechado com Tampa"},"content":{"rendered":"<p>Confeccionado com mat\u00e9ria-prima nova, at\u00f3xica, o que garante melhor acabamento e maior durabilidade.<br \/>\nRegul\u00e1veis a todos os vasos convencionais.<br \/>\nAl\u00e9m de rebaixo higi\u00eanico que evita contatos indesej\u00e1veis e uma solu\u00e7\u00e3o exclusiva que mant\u00e9m o assento em p\u00e9 quando aberto, mesmo em caixa acoplada.<\/p>\n","protected":false},"excerpt":{"rendered":"<p>Confeccionado com mat\u00e9ria-prima nova, at\u00f3xica, o que garante melhor acabamento e maior durabilidade. <\/p>\n","protected":false},"featured_media":671,"comment_status":"closed","ping_status":"closed","template":"","meta":[],"_links":{"self":[{"href":"http:\/\/baraoequipamentos.com.br\/barao\/wp-json\/wp\/v2\/product\/670"}],"collection":[{"href":"http:\/\/baraoequipamentos.com.br\/barao\/wp-json\/wp\/v2\/product"}],"about":[{"href":"http:\/\/baraoequipamentos.com.br\/barao\/wp-json\/wp\/v2\/types\/product"}],"replies":[{"embeddable":true,"href":"http:\/\/baraoequipamentos.com.br\/barao\/wp-json\/wp\/v2\/comments?post=670"}],"wp:featuredmedia":[{"embeddable":true,"href":"http:\/\/baraoequipamentos.com.br\/barao\/wp-json\/wp\/v2\/media\/671"}],"wp:attachment":[{"href":"http:\/\/baraoequipamentos.com.br\/barao\/wp-json\/wp\/v2\/media?parent=670"}],"curies":[{"name":"wp","href":"https:\/\/api.w.org\/{rel}","templated":true}]}}