{"id":675,"date":"2018-03-29T20:27:05","date_gmt":"2018-03-29T20:27:05","guid":{"rendered":"http:\/\/baraoequipamentos.com.br\/barao\/?post_type=product&#038;p=675"},"modified":"2018-03-29T20:27:05","modified_gmt":"2018-03-29T20:27:05","slug":"elevador-assento-sanitario-com-alca-sit-iii","status":"publish","type":"product","link":"http:\/\/baraoequipamentos.com.br\/barao\/produto\/elevador-assento-sanitario-com-alca-sit-iii\/","title":{"rendered":"Elevador Assento Sanit\u00e1rio com Al\u00e7a \u2013 SIT III"},"content":{"rendered":"<p>Confeccionado em pl\u00e1stico de alta resist\u00eancia mec\u00e2nica.<br \/>\nFixa\u00e7\u00e3o atrav\u00e9s de parafusos diretamente no vaso sanit\u00e1rio.<br \/>\nEleva\u00e7\u00e3o nas laterais que possibilita apoio ao usu\u00e1rio ao se levantar.<br \/>\nCarga m\u00e1xima: 100 Kg.<\/p>\n","protected":false},"excerpt":{"rendered":"<p>Confeccionado em pl\u00e1stico de alta resist\u00eancia mec\u00e2nica.<\/p>\n","protected":false},"featured_media":676,"comment_status":"closed","ping_status":"closed","template":"","meta":[],"_links":{"self":[{"href":"http:\/\/baraoequipamentos.com.br\/barao\/wp-json\/wp\/v2\/product\/675"}],"collection":[{"href":"http:\/\/baraoequipamentos.com.br\/barao\/wp-json\/wp\/v2\/product"}],"about":[{"href":"http:\/\/baraoequipamentos.com.br\/barao\/wp-json\/wp\/v2\/types\/product"}],"replies":[{"embeddable":true,"href":"http:\/\/baraoequipamentos.com.br\/barao\/wp-json\/wp\/v2\/comments?post=675"}],"wp:featuredmedia":[{"embeddable":true,"href":"http:\/\/baraoequipamentos.com.br\/barao\/wp-json\/wp\/v2\/media\/676"}],"wp:attachment":[{"href":"http:\/\/baraoequipamentos.com.br\/barao\/wp-json\/wp\/v2\/media?parent=675"}],"curies":[{"name":"wp","href":"https:\/\/api.w.org\/{rel}","templated":true}]}}