{"id":681,"date":"2018-03-29T20:31:36","date_gmt":"2018-03-29T20:31:36","guid":{"rendered":"http:\/\/baraoequipamentos.com.br\/barao\/?post_type=product&#038;p=681"},"modified":"2018-03-29T20:31:36","modified_gmt":"2018-03-29T20:31:36","slug":"elevador-de-assento-sanitario-com-alcas-regulaveis-sit-v","status":"publish","type":"product","link":"http:\/\/baraoequipamentos.com.br\/barao\/produto\/elevador-de-assento-sanitario-com-alcas-regulaveis-sit-v\/","title":{"rendered":"Elevador de Assento Sanit\u00e1rio com Al\u00e7as Regul\u00e1veis \u2013 SIT V"},"content":{"rendered":"<p>Adapt\u00e1vel a maioria das bacias sanit\u00e1rias convencionais.<br \/>\nSeguro, de f\u00e1cil coloca\u00e7\u00e3o e transporte, favorecendo inclusive a utiliza\u00e7\u00e3o em viagens.<br \/>\nEste produto n\u00e3o se pode ser usado  em vasos quadrados\/retangulares.<br \/>\nConfeccionado em pl\u00e1stico de alta resist\u00eancia mec\u00e2nica.<br \/>\nN\u00e3o requer fixa\u00e7\u00e3o no vaso sanit\u00e1rio.<br \/>\nApoio lateral em alum\u00ednio, ajust\u00e1vel em altura, que facilita o usu\u00e1rio a se levantar.<br \/>\nIndicado para usu\u00e1rio at\u00e9 130 Kg.<\/p>\n","protected":false},"excerpt":{"rendered":"<p>Adapt\u00e1vel a maioria das bacias sanit\u00e1rias convencionais.<\/p>\n","protected":false},"featured_media":682,"comment_status":"closed","ping_status":"closed","template":"","meta":[],"_links":{"self":[{"href":"http:\/\/baraoequipamentos.com.br\/barao\/wp-json\/wp\/v2\/product\/681"}],"collection":[{"href":"http:\/\/baraoequipamentos.com.br\/barao\/wp-json\/wp\/v2\/product"}],"about":[{"href":"http:\/\/baraoequipamentos.com.br\/barao\/wp-json\/wp\/v2\/types\/product"}],"replies":[{"embeddable":true,"href":"http:\/\/baraoequipamentos.com.br\/barao\/wp-json\/wp\/v2\/comments?post=681"}],"wp:featuredmedia":[{"embeddable":true,"href":"http:\/\/baraoequipamentos.com.br\/barao\/wp-json\/wp\/v2\/media\/682"}],"wp:attachment":[{"href":"http:\/\/baraoequipamentos.com.br\/barao\/wp-json\/wp\/v2\/media?parent=681"}],"curies":[{"name":"wp","href":"https:\/\/api.w.org\/{rel}","templated":true}]}}