{"id":691,"date":"2018-03-29T20:38:31","date_gmt":"2018-03-29T20:38:31","guid":{"rendered":"http:\/\/baraoequipamentos.com.br\/barao\/?post_type=product&#038;p=691"},"modified":"2018-03-29T20:38:31","modified_gmt":"2018-03-29T20:38:31","slug":"barras-de-apoio","status":"publish","type":"product","link":"http:\/\/baraoequipamentos.com.br\/barao\/produto\/barras-de-apoio\/","title":{"rendered":"Barras de Apoio"},"content":{"rendered":"<p>Com uma r\u00edgida estrutura, proporciona uma melhor firmeza, quando de seu uso, garantindo seguran\u00e7a, mesmo em contato com a \u00e1gua, evitando escorregar a m\u00e3o quando precisar de seu aux\u00edlio.<br \/>\nPodem ser encontradas nas cores branca, gold e alum\u00ednio nos tamanhos: 30 \/ 40 \/ 60 \/ 80 cm e consulte-nos sobre outros modelos e tamanhos<\/p>\n","protected":false},"excerpt":{"rendered":"<p>Com uma r\u00edgida estrutura, proporciona uma melhor firmeza, quando de seu uso, garantindo seguran\u00e7a.<\/p>\n","protected":false},"featured_media":692,"comment_status":"closed","ping_status":"closed","template":"","meta":[],"_links":{"self":[{"href":"http:\/\/baraoequipamentos.com.br\/barao\/wp-json\/wp\/v2\/product\/691"}],"collection":[{"href":"http:\/\/baraoequipamentos.com.br\/barao\/wp-json\/wp\/v2\/product"}],"about":[{"href":"http:\/\/baraoequipamentos.com.br\/barao\/wp-json\/wp\/v2\/types\/product"}],"replies":[{"embeddable":true,"href":"http:\/\/baraoequipamentos.com.br\/barao\/wp-json\/wp\/v2\/comments?post=691"}],"wp:featuredmedia":[{"embeddable":true,"href":"http:\/\/baraoequipamentos.com.br\/barao\/wp-json\/wp\/v2\/media\/692"}],"wp:attachment":[{"href":"http:\/\/baraoequipamentos.com.br\/barao\/wp-json\/wp\/v2\/media?parent=691"}],"curies":[{"name":"wp","href":"https:\/\/api.w.org\/{rel}","templated":true}]}}