{"id":701,"date":"2018-03-29T20:43:34","date_gmt":"2018-03-29T20:43:34","guid":{"rendered":"http:\/\/baraoequipamentos.com.br\/barao\/?post_type=product&#038;p=701"},"modified":"2018-03-29T20:43:34","modified_gmt":"2018-03-29T20:43:34","slug":"comadre-plastica","status":"publish","type":"product","link":"http:\/\/baraoequipamentos.com.br\/barao\/produto\/comadre-plastica\/","title":{"rendered":"Comadre Pl\u00e1stica"},"content":{"rendered":"<p>Confeccionada em material leve e de f\u00e1cil limpeza, a comadre pl\u00e1stica  \u00e9 pr\u00e1tica e oferece conforto ao paciente acamado, seja no hospital ou em casa.<br \/>\nA al\u00e7a permite que o cuidador retire a comadre para limpeza sem causar dor e desconforto ao paciente.<\/p>\n","protected":false},"excerpt":{"rendered":"<p>Confeccionada em material leve e de f\u00e1cil limpeza.<\/p>\n","protected":false},"featured_media":702,"comment_status":"closed","ping_status":"closed","template":"","meta":[],"_links":{"self":[{"href":"http:\/\/baraoequipamentos.com.br\/barao\/wp-json\/wp\/v2\/product\/701"}],"collection":[{"href":"http:\/\/baraoequipamentos.com.br\/barao\/wp-json\/wp\/v2\/product"}],"about":[{"href":"http:\/\/baraoequipamentos.com.br\/barao\/wp-json\/wp\/v2\/types\/product"}],"replies":[{"embeddable":true,"href":"http:\/\/baraoequipamentos.com.br\/barao\/wp-json\/wp\/v2\/comments?post=701"}],"wp:featuredmedia":[{"embeddable":true,"href":"http:\/\/baraoequipamentos.com.br\/barao\/wp-json\/wp\/v2\/media\/702"}],"wp:attachment":[{"href":"http:\/\/baraoequipamentos.com.br\/barao\/wp-json\/wp\/v2\/media?parent=701"}],"curies":[{"name":"wp","href":"https:\/\/api.w.org\/{rel}","templated":true}]}}