{"id":717,"date":"2018-11-19T16:04:32","date_gmt":"2018-11-19T16:04:32","guid":{"rendered":"http:\/\/baraoequipamentos.com.br\/barao\/?post_type=product&#038;p=717"},"modified":"2018-11-19T16:04:32","modified_gmt":"2018-11-19T16:04:32","slug":"cadeira-de-rodas-para-higienizacao","status":"publish","type":"product","link":"http:\/\/baraoequipamentos.com.br\/barao\/produto\/cadeira-de-rodas-para-higienizacao\/","title":{"rendered":"Cadeira de Rodas para Higieniza\u00e7\u00e3o"},"content":{"rendered":"<p>Encosto em nylon<br \/>\nAlmofada remov\u00edvel<br \/>\nApoios remov\u00edveis para os p\u00e9s<br \/>\nBra\u00e7os articulados em PU<br \/>\nApoios remov\u00edveis e ajust\u00e1veis para os p\u00e9s<br \/>\nEstrutura em a\u00e7o pintado<br \/>\nLargura total 54 cm<br \/>\nLargura do assento 45 cm<br \/>\nAltura do assento 49 cm<br \/>\nCapacidade max: 100 kg<\/p>\n","protected":false},"excerpt":{"rendered":"<p>Encosto em nylon<br \/>\nAlmofada remov\u00edvel<br \/>\nApoios remov\u00edveis para os p\u00e9s<\/p>\n","protected":false},"featured_media":718,"comment_status":"closed","ping_status":"closed","template":"","meta":[],"_links":{"self":[{"href":"http:\/\/baraoequipamentos.com.br\/barao\/wp-json\/wp\/v2\/product\/717"}],"collection":[{"href":"http:\/\/baraoequipamentos.com.br\/barao\/wp-json\/wp\/v2\/product"}],"about":[{"href":"http:\/\/baraoequipamentos.com.br\/barao\/wp-json\/wp\/v2\/types\/product"}],"replies":[{"embeddable":true,"href":"http:\/\/baraoequipamentos.com.br\/barao\/wp-json\/wp\/v2\/comments?post=717"}],"wp:featuredmedia":[{"embeddable":true,"href":"http:\/\/baraoequipamentos.com.br\/barao\/wp-json\/wp\/v2\/media\/718"}],"wp:attachment":[{"href":"http:\/\/baraoequipamentos.com.br\/barao\/wp-json\/wp\/v2\/media?parent=717"}],"curies":[{"name":"wp","href":"https:\/\/api.w.org\/{rel}","templated":true}]}}